{"id":90,"date":"2024-11-13T10:25:03","date_gmt":"2024-11-13T10:25:03","guid":{"rendered":"https:\/\/www.mircobaldi.it\/?page_id=90"},"modified":"2024-11-13T10:36:48","modified_gmt":"2024-11-13T10:36:48","slug":"il-barone","status":"publish","type":"page","link":"https:\/\/www.mircobaldi.it\/?page_id=90","title":{"rendered":"Il Barone"},"content":{"rendered":"\n<p>Nasco nel 1968, un anno noto nella storia per le varie manifestazioni studentesche e per le agitazioni di popolo verso la politica e le istituzioni, evidentemente questo clima ha plasmato molti di noi e fatto crescere un po ribelli , direi figli del tempo.<\/p>\n\n\n\n<p>In effetti io sono sempre stato uno scapestrato un irrequieto un estroso e curioso nel comprendere le cose, non mi andava mai bene nulla ma fondamentalmente ero un animo sensibile e molto permaloso, ho sofferto molto per il mio difetto fisico , gli orecchi a sventola che nei primi anni della mia infanzia mi resero molto chiuso e scontroso per i continui sbeffeggiamenti che subivo,  a questo mix caratteriale e sociale ha di fatto di me una persona oserei dire oggi &#8220;eccentrica&#8221;.<\/p>\n\n\n\n<p>La mia infanzia \u00e8 trascorsa nella piazza del paese, io abitavo nella casa di Fl\u00f2 davanti al bar da Olinto &#8221; lintino&#8221; quello era  il mio abitat giornaliero<\/p>\n\n\n\n<div class=\"wp-block-columns is-layout-flex wp-container-core-columns-is-layout-1 wp-block-columns-is-layout-flex\">\n<div class=\"wp-block-column is-layout-flow wp-block-column-is-layout-flow\" style=\"flex-basis:100%\">\n<figure class=\"wp-block-image size-large is-resized is-style-rounded\"><img loading=\"lazy\" decoding=\"async\" width=\"1024\" height=\"674\" src=\"https:\/\/www.mircobaldi.it\/wp-content\/uploads\/2024\/11\/la-mia-prima-casa-1024x674.png\" alt=\"\" class=\"wp-image-91\" style=\"width:412px;height:auto\" srcset=\"https:\/\/www.mircobaldi.it\/wp-content\/uploads\/2024\/11\/la-mia-prima-casa-1024x674.png 1024w, https:\/\/www.mircobaldi.it\/wp-content\/uploads\/2024\/11\/la-mia-prima-casa-300x198.png 300w, https:\/\/www.mircobaldi.it\/wp-content\/uploads\/2024\/11\/la-mia-prima-casa-176x116.png 176w, https:\/\/www.mircobaldi.it\/wp-content\/uploads\/2024\/11\/la-mia-prima-casa.png 1163w\" sizes=\"auto, (max-width: 1024px) 100vw, 1024px\" \/><\/figure>\n<\/div>\n<\/div>\n\n\n\n<p>Sotto c&#8217;\u00e8ra il mitico Flam\u00ec detto &#8220;forbicetta&#8221; il barbiere del paese e la Maglieria&#8230; davanti l&#8217;appalto della Rina e del Barsottini Lio detto &#8220;pattuglia&#8221;, la piazza era completata dai nostri storici negozi, che in parte erano socialmente anche degli educatori, riportavano ai genitori i nostri comportamenti da discoli.<\/p>\n\n\n\n<p> Partendo dalla Poldina mamma di Enzino ed i suoi fratelli frutta e verdura, la macelleria di Virgilio detto &#8220;Virg\u00ec&#8221; .. la bottega della Tenaide detta &#8220;Ten\u00e0&#8221;.. avevamo poi la nostra &#8220;Egigna&#8221; che faceva lavori di sartoria, il laboratorio di onice del Riccomini detto &#8220;zazz\u00e8&#8221; , il meccanico il mitico Pitti\u00e8.. poi andando verso il Borgo a 50 metri dalla piazza avevamo la Nin\u00ec bottega di alimentari e la Vitt\u00f2 di frutta e verdura&#8230;il frantoio di Fl\u00f2 ed una segheria di Marmo.. poi in cima alla via Riccio detta &#8220;la montata&#8221; c&#8217;era la Mesticheria della Verena moglie del nostro grande Artista e scultore Sem Ghelardini, il Bar da Dino..e la croce rossa uno stabile oggi distrutto e abbandonato che ospitava anche l&#8217;ambulatorio del nostro medico di famiglia Paolo Landi.. questo era un piccolo mondo il nostro social network&#8230;e aggiungo che bello che era.<\/p>\n\n\n\n<p>Qui cresce il Barone, insieme al suo Fratello piu piccolo di 5 anni, e si ambienta la prima infanzia ricca di episodi, storie ,nomi e aneddoti che racconter\u00f2 per episodi, saranno molti e piano piano che mi torneranno in mente li inserir\u00f2 senza un ordine cronologico ma di ricordo da catalizzare al volo.<\/p>\n\n\n\n<p>Riscrivere un  ricordo di una vita \u00e8 un esercizio mentale ma una grande emozione, che voglio condividere con chi ha percorso parte di  questo viaggio con me.<\/p>\n\n\n\n<figure class=\"wp-block-image size-full is-resized\"><img loading=\"lazy\" decoding=\"async\" width=\"192\" height=\"185\" src=\"https:\/\/www.mircobaldi.it\/wp-content\/uploads\/2024\/11\/screenshot-looka.com-2024.11.13-08_49_26.png\" alt=\"\" class=\"wp-image-85\" style=\"width:72px;height:auto\" srcset=\"https:\/\/www.mircobaldi.it\/wp-content\/uploads\/2024\/11\/screenshot-looka.com-2024.11.13-08_49_26.png 192w, https:\/\/www.mircobaldi.it\/wp-content\/uploads\/2024\/11\/screenshot-looka.com-2024.11.13-08_49_26-120x116.png 120w\" sizes=\"auto, (max-width: 192px) 100vw, 192px\" \/><\/figure>\n\n\n\n<p><\/p>\n","protected":false},"excerpt":{"rendered":"<p>Nasco nel 1968, un anno noto nella storia per le varie manifestazioni studentesche e per le agitazioni di popolo verso la politica e le istituzioni, evidentemente questo clima ha plasmato molti di noi e fatto crescere un po ribelli , direi figli del tempo. In effetti io sono sempre stato uno scapestrato un irrequieto un &hellip; <\/p>\n<p class=\"link-more\"><a href=\"https:\/\/www.mircobaldi.it\/?page_id=90\" class=\"more-link\">Leggi tutto<span class=\"screen-reader-text\"> &#8220;Il Barone&#8221;<\/span><\/a><\/p>\n","protected":false},"author":1,"featured_media":0,"parent":0,"menu_order":0,"comment_status":"closed","ping_status":"closed","template":"","meta":{"inspiro_hide_title":false,"footnotes":""},"class_list":["post-90","page","type-page","status-publish","hentry"],"_links":{"self":[{"href":"https:\/\/www.mircobaldi.it\/index.php?rest_route=\/wp\/v2\/pages\/90","targetHints":{"allow":["GET"]}}],"collection":[{"href":"https:\/\/www.mircobaldi.it\/index.php?rest_route=\/wp\/v2\/pages"}],"about":[{"href":"https:\/\/www.mircobaldi.it\/index.php?rest_route=\/wp\/v2\/types\/page"}],"author":[{"embeddable":true,"href":"https:\/\/www.mircobaldi.it\/index.php?rest_route=\/wp\/v2\/users\/1"}],"replies":[{"embeddable":true,"href":"https:\/\/www.mircobaldi.it\/index.php?rest_route=%2Fwp%2Fv2%2Fcomments&post=90"}],"version-history":[{"count":3,"href":"https:\/\/www.mircobaldi.it\/index.php?rest_route=\/wp\/v2\/pages\/90\/revisions"}],"predecessor-version":[{"id":95,"href":"https:\/\/www.mircobaldi.it\/index.php?rest_route=\/wp\/v2\/pages\/90\/revisions\/95"}],"wp:attachment":[{"href":"https:\/\/www.mircobaldi.it\/index.php?rest_route=%2Fwp%2Fv2%2Fmedia&parent=90"}],"curies":[{"name":"wp","href":"https:\/\/api.w.org\/{rel}","templated":true}]}}