{"id":76,"date":"2024-11-12T12:07:51","date_gmt":"2024-11-12T12:07:51","guid":{"rendered":"https:\/\/www.mircobaldi.it\/?page_id=76"},"modified":"2024-11-13T09:17:22","modified_gmt":"2024-11-13T09:17:22","slug":"premessa","status":"publish","type":"page","link":"https:\/\/www.mircobaldi.it\/","title":{"rendered":"Premessa"},"content":{"rendered":"\n<figure class=\"wp-block-image aligncenter size-large is-resized\"><img loading=\"lazy\" decoding=\"async\" width=\"1024\" height=\"582\" src=\"https:\/\/www.mircobaldi.it\/wp-content\/uploads\/2024\/11\/io_ok-1024x582.png\" alt=\"\" class=\"wp-image-48\" style=\"width:518px;height:auto\" srcset=\"https:\/\/www.mircobaldi.it\/wp-content\/uploads\/2024\/11\/io_ok-1024x582.png 1024w, https:\/\/www.mircobaldi.it\/wp-content\/uploads\/2024\/11\/io_ok-300x171.png 300w, https:\/\/www.mircobaldi.it\/wp-content\/uploads\/2024\/11\/io_ok-204x116.png 204w, https:\/\/www.mircobaldi.it\/wp-content\/uploads\/2024\/11\/io_ok.png 1600w\" sizes=\"auto, (max-width: 1024px) 100vw, 1024px\" \/><\/figure>\n\n\n\n<p>Salve sono Mirco Baldi alias &#8220;il Barone&#8221;<\/p>\n\n\n\n<p>Scrivo questo blog  come memoria personale e per diletto, cercher\u00f2 nel tempo libero di arricchirla di contenuti e foto, racconti aneddoti e storie di vita e di infanzia&#8230; in modo che resti qualcosa di me per chi vorr\u00e0 ricordarmi quando non ci sar\u00f2 pi\u00f9.<\/p>\n\n\n\n<p>Perch\u00e8  <img loading=\"lazy\" decoding=\"async\" width=\"40\" height=\"39\" class=\"wp-image-85\" style=\"width: 40px;\" src=\"https:\/\/www.mircobaldi.it\/wp-content\/uploads\/2024\/11\/screenshot-looka.com-2024.11.13-08_49_26.png\" alt=\"\" srcset=\"https:\/\/www.mircobaldi.it\/wp-content\/uploads\/2024\/11\/screenshot-looka.com-2024.11.13-08_49_26.png 192w, https:\/\/www.mircobaldi.it\/wp-content\/uploads\/2024\/11\/screenshot-looka.com-2024.11.13-08_49_26-150x150.png 150w, https:\/\/www.mircobaldi.it\/wp-content\/uploads\/2024\/11\/screenshot-looka.com-2024.11.13-08_49_26-120x116.png 120w\" sizes=\"auto, (max-width: 40px) 100vw, 40px\" \/>  &#8220;il barone&#8221; ? semplicemente come in molti altri piccoli paesi  usava mettere dei soprannomi oggi diremo &#8220;alias&#8221;, io ne avevo diversi ma questo \u00e8 quello con il quale tutti i miei coetanei ancora oggi mi riconoscono e spesso mi ci chiamano ancora..<\/p>\n\n\n\n<p> Sapete quando si arriva ad una certa et\u00e0 , io oggi ne ho 56 , e ci si guarda un attimo indietro .. ci si rende conto che il tempo \u00e8 volato e malgrado tutto essere  ancora qua \u00e8 una fortuna non da poco ,  per\u00f2 non \u00e8 dato sapere ancora per quanto e soprattutto come, e questa paura intrinseca che ognuno di noi vive a modo suo mi porta a vedere un orizzonte vicino e incerto e allora voglio imprimere la mia memoria, magari un giorno mi piacer\u00e0 anche a me rileggerla.<\/p>\n\n\n\n<p><\/p>\n\n\n\n<figure class=\"wp-block-image size-full wp-duotone-101010-ffffff-1\"><img loading=\"lazy\" decoding=\"async\" width=\"328\" height=\"73\" src=\"https:\/\/www.mircobaldi.it\/wp-content\/uploads\/2024\/11\/firma.png\" alt=\"\" class=\"wp-image-78\" srcset=\"https:\/\/www.mircobaldi.it\/wp-content\/uploads\/2024\/11\/firma.png 328w, https:\/\/www.mircobaldi.it\/wp-content\/uploads\/2024\/11\/firma-300x67.png 300w, https:\/\/www.mircobaldi.it\/wp-content\/uploads\/2024\/11\/firma-228x51.png 228w\" sizes=\"auto, (max-width: 328px) 100vw, 328px\" \/><\/figure>\n\n\n\n<p><\/p>\n","protected":false},"excerpt":{"rendered":"<p>Salve sono Mirco Baldi alias &#8220;il Barone&#8221; Scrivo questo blog come memoria personale e per diletto, cercher\u00f2 nel tempo libero di arricchirla di contenuti e foto, racconti aneddoti e storie di vita e di infanzia&#8230; in modo che resti qualcosa di me per chi vorr\u00e0 ricordarmi quando non ci sar\u00f2 pi\u00f9. Perch\u00e8 &#8220;il barone&#8221; ? &hellip; <\/p>\n<p class=\"link-more\"><a href=\"https:\/\/www.mircobaldi.it\/\" class=\"more-link\">Leggi tutto<span class=\"screen-reader-text\"> &#8220;Premessa&#8221;<\/span><\/a><\/p>\n","protected":false},"author":1,"featured_media":0,"parent":0,"menu_order":0,"comment_status":"closed","ping_status":"closed","template":"","meta":{"inspiro_hide_title":false,"footnotes":""},"class_list":["post-76","page","type-page","status-publish","hentry"],"_links":{"self":[{"href":"https:\/\/www.mircobaldi.it\/index.php?rest_route=\/wp\/v2\/pages\/76","targetHints":{"allow":["GET"]}}],"collection":[{"href":"https:\/\/www.mircobaldi.it\/index.php?rest_route=\/wp\/v2\/pages"}],"about":[{"href":"https:\/\/www.mircobaldi.it\/index.php?rest_route=\/wp\/v2\/types\/page"}],"author":[{"embeddable":true,"href":"https:\/\/www.mircobaldi.it\/index.php?rest_route=\/wp\/v2\/users\/1"}],"replies":[{"embeddable":true,"href":"https:\/\/www.mircobaldi.it\/index.php?rest_route=%2Fwp%2Fv2%2Fcomments&post=76"}],"version-history":[{"count":3,"href":"https:\/\/www.mircobaldi.it\/index.php?rest_route=\/wp\/v2\/pages\/76\/revisions"}],"predecessor-version":[{"id":89,"href":"https:\/\/www.mircobaldi.it\/index.php?rest_route=\/wp\/v2\/pages\/76\/revisions\/89"}],"wp:attachment":[{"href":"https:\/\/www.mircobaldi.it\/index.php?rest_route=%2Fwp%2Fv2%2Fmedia&parent=76"}],"curies":[{"name":"wp","href":"https:\/\/api.w.org\/{rel}","templated":true}]}}