{"id":103,"date":"2024-11-16T07:54:11","date_gmt":"2024-11-16T07:54:11","guid":{"rendered":"https:\/\/www.mircobaldi.it\/?page_id=103"},"modified":"2024-12-18T11:17:34","modified_gmt":"2024-12-18T11:17:34","slug":"mirco","status":"publish","type":"page","link":"https:\/\/www.mircobaldi.it\/?page_id=103","title":{"rendered":"Mirco"},"content":{"rendered":"\n<p>Dentro al Barone c&#8217;\u00e8 Mirco, carattere difficile , ipocondriaco, nervoso e mai realmente felice, ma sincero e schietto,  oggi si direbbe iperattivo, al tempo si diceva agitato.. Dentro questa sommaria descrizione mi riconosco perfettamente ed oggi dopo aver trascorso oltre mezzo secolo di vita posso anche confermarla, ognuno di noi secondo me \u00e8 non solo figlio del suo tempo, ma anche un distillato dell&#8217;ambiente familiare dove cresce e dal tipo predisposizione mentale nell&#8217;assorbire questo concentrato, esempio mio fratello \u00e8 praticamente esattamente opposto.<\/p>\n\n\n\n<p>Nella mia vita familiare ho sempre vissuto nelle paure , delle malattie e delle persone sconosciute, perch\u00e8 mia mamma costantemente le rinfrescava, per lei il pericolo era ovunque e sempre presente, ovviamente al primo posto metteva sempre l&#8217;onest\u00e0 e non dire mai le bugie, mi ricordo che da piccolo mi svegliavo spesso la notte , sudato e di colpo, pensando di essere davvero malato, e questo pensiero ancora oggi mi viene a trovare spesso..<\/p>\n\n\n\n<p> Poi c&#8217;era  il mio babbo come figura di riferimento, totalmente opposto alla mamma, mai pensieri negativi e voglia di vivere senza troppi retro-pensieri, inoltre  per le sue innate capacit\u00e0 e doti sia tecniche che morali, in casa nostra faceva tutto lui a 360 gradi, ogni lavoro riusciva a sistemarlo dalla meccanica all&#8217;idraulica alla muratura passando per i lavori in ferro a quelli in legno e soprattutto nel campo della elettrotecnica ed elettronica&#8230; un grande esempio di vita e mi ricordo che il suo motto era &#8220;se lo hanno fatto degli esseri umani lo posso fare anch&#8217;io&#8221;, ed io ho sempre cercato di imitarlo e affrontare i problemi tecnici e costruttivi allo stesso modo.<\/p>\n\n\n\n<p>Da piccolo avevo la passione nello smontare tutto, la mia curiosit\u00e0 era sconfinata&#8230; volevo vedere cosa c&#8217;era dentro ogni cosa, mio padre all&#8217;epoca riparava molte radio e tv per il paese dopo lavoro anche per arrotondare, quindi io mi dilettavo con le carcasse dei vecchi tv a tubo e valvole, con un saldatore dissaldavo tutti i componenti e ne riempivo delle scatole.. l&#8217;elettrotecnica e l&#8217;elettronica dell&#8217;epoca era pi\u00f9 semplice e con un maestro in casa mi resi conto che sarebbe stata parte della mia vita, mi diplomai in tecniche elettriche ed elettroniche e lavorai diversi anni come elettromeccanico, gi\u00e0 prima di finire gli studi, presso la ditta Bertocchi &amp; Carli e grazie a Franco Bertocchi uomo generoso capace e sempre disponibile a spiegare le cose affinai le mie capacit\u00e0 tecniche e di questo gli sar\u00e0 sempre grato.<\/p>\n\n\n\n<p>Negli stessi anni della mia infanzia spaziavo dalla elettrotecnica alla passione della meccanica che di fatto mi sono sempre portato dietro fino ad oggi&#8230;i primi mezzi cavia furono i motorini dei miei nonni.. mi ricordo che il primo che smontai era un moto guzzi trotter a 2 marce ed un solex (bici con motore sulla ruota davanti) poi passai al Ciao ed al Bravo&#8230; in verit\u00e0 non \u00e8 che li aggiustavo bene ma ci provavo non sempre con successo ma con mio babbo si arrivava alla soluzione, poi arriv\u00f2 il mio primo motorino che ci regal\u00f2 la Zia Rosella , un vecchio Rizzato Califfo matic che smontammo tutto e rimettemmo in moto , andava come un treno&#8230; e quel motorino lo legai alla mia prima volta su strada , perch\u00e8 se pur breve segn\u00f2 la mia vita.. era infatti il primo maggio 1980 e mi fecero andare da casa nel borgo del paese, dove si svolgeva una festa, ovviamente non avevo ancora l&#8217;eta dei 14 anni per poterlo guidare, ma in quei tempi oserei dire che era normale&#8230; da quel giorno il califfone era sempre in moto e se pur nel paese ci ho scorazzato molto, prima di fonderlo&#8230; poi a 13 anni arriv\u00f2 la prima vespa 50 special usata (che conservo ancora smontata) presa da un signore di Seravezza mi ricordo anche il cognome tale Polacci  era l&#8217;estate 1982 in quell&#8217;anno ad ottobre avrei compiuto 14 anni, ma il regalo arrivo a giugno alla fine della scuola&#8230; era bianca un sogno&#8230; ma avrei dovuto usarla dopo il mio compleanno&#8230; ma il precedente di quel primo maggio&#8230; mi consenti di usarla per il paese e pensate che ci feci la mia prima stagione da cameriere a vittoria apuana al albergo Miramare.. roba da matti, ma and\u00f2 tutto bene per fortuna.<\/p>\n\n\n\n<p>Poi dalla mia vespa 50 inizia a vedere le altre che erano truccate e misi il con mio babbo il primo cilindro 75 preso da Sanna a Pietrasanta.. dopo il rodaggio ci feci molti chilometri ma andava troppo piano.. all&#8217;epoca per\u00f2 c&#8217;era il mitico Loris Tomagnini detto &#8220;bucciofico&#8221; il mago delle vespe che lavorava dal Cardini alla Piaggio di Querceta, aveva un paio di anni pi\u00f9 di me&#8230;e la passione per le Vespe ci fece diventare subito amici.. lui abitava sulla piazza di strettoia sopra il macello di Verg\u00ec, ma aveva una piccola officina sotto casa dove truccava le vespe ed io ci passavo i pomeriggi per imparare, e purtroppo ci presi il vizio delle sigarette&#8230;all&#8217;epoca fumare era quasi normale, li diventai amico anche del povero Massimo Boldrini che mor\u00ec giovanissimo da militare, di lui ne riparler\u00f2&#8230; iniziai cosi a smontare e sperimentare dalla mia e da quella vespa ne seguirono tutte le altre del paese..a casa mia dopo scuola c&#8217;erano sempre vespe da riparare o truccare&#8230; io ci vivacchiavo mi facevo pagare o lasciare i pezzi vecchi perch\u00e8 a differenza dei miei coetanei che dopo le medie erano andati a lavorare io studiavo e non avevo soldi&#8230; e non potevo nemmeno chiederli in casa&#8230; i miei clienti affezionati erano i miei amici in particolare il Fontana Alberto detto &#8220;Albi testa di cuoio&#8221; il povero Andrea Tonelli detto &#8220;portafoglio&#8221; ed il mio amico inseparabile anche lui tragicamente scomparso Massimo Moschetti detto &#8220;scafandro&#8221;..del quale parler\u00f2 a parte&#8230; e molti molti altri&#8230; poi diventai bravo e la rivalit\u00e0 con &#8220;bucciofico&#8221; era sempre amichevole ma ci portava nel paese tra noi ragazzi a fare le comparative tra quelle che faceva lui e quelle che facevo io, furono anni indimenticabili.<\/p>\n\n\n\n<p>Poi passai alle moto , come dimenticare la prima &#8220;gilera rx Arizona 125&#8221; nuova presa dal Bianchi a Viareggio con i soldi in prestito della mia nonna..che gli resi con i vari lavoretti&#8230; circa 3,5 milioni di vecchie lire , alle corse in salita, dedicher\u00f2 qualche racconto a parte&#8230; quel barone aveva preso il posto di Mirco e nell&#8217;immaginario dei miei compagni io ero quello duro e mattarello&#8230; in effetti era quello che facevo vedere, perch\u00e8 di cose pazze ne facevo davvero molte specialmente con i motori&#8230; ma in realt\u00e0 tendevo ad isolarmi e passavo le giornate e le domeniche dentro alla mia officinetta dietro casa.. non avevo mai nemmeno pensato ad avere una ragazza come i miei coetanei, l&#8217;unico amico che vedevo spesso perch\u00e8 si abitava a 10 metri uno dall&#8217;altro era il Walter Marchetti detto &#8220;tosco&#8221;&#8230; che mi veniva a trovare e la nostra amicizia non era legata alla vespa perch\u00e8 lui non l&#8217;aveva ma alla reciproca stima e lealt\u00e0 che avevamo tra noi e dal fatto che si viveva in simbiosi con le nostre famiglie&#8230; in particolare con suo Zio Paolo detto &#8220;pap\u00e8ro&#8221; ferroviere con il pallino della meccanica&#8230; lui aveva una capanna piena di attrezzi ed un vecchio tornio con il quale ci spiegava e faceva tanti piccoli lavoretti&#8230; uno davvero in gamba dalle grandi capacit\u00e0 tecniche&#8230; io lo vedevo come un supereroe .. mi ricordo che rivolgendosi a suo nipote Walter..lo chiamava sempre &#8220;capo&#8221; &#8230;anche lui contribui alla mia formazione meccanica.<\/p>\n\n\n\n<p>Arriv\u00f2 il 1989 anno del militare e della mia prima ragazza Angela, che divent\u00f2 mia moglie e mamma dei mie ragazzi Massimo e Leonardo e ancora oggi mi sopporta,  prima de militare avevo studiato e lavorato gi\u00e0 in molte attivit\u00e0 .. e con diverse tipologie ero passato da elettromeccanico a marmista e da carrozziere oltre a vari lavoretti sporadici&#8230; partire militare diede un taglio netto alla mia prima fase della vita.. mi ritrovai fuori dal mio mondo di paese e di certezze, dopo il Car a La spezia in Marina mi mandarono al Mari-Tele Cagliari in Sardegna, con lo stupore dei miei genitori e mio, presi il mio zaino e me ne andai in Sardegna, fu un periodo brutto per un ragazzetto di paese con molte fobie, ritrovarsi in una piccola caserma punitiva dove c&#8217;erano per fortuna molti sardi ma anche molti Siciliani e napoletani con esperienze di vita a dir poco brutte.. venivano dai quartieri peggiori &#8220;la noce e brancaccio&#8221; solo per citarne alcuni, fu un bel cambiamento. Ci passai sei mesi ma dico la verit\u00e0 con i Sardi mi trovai bene e furono la mia salvezza mi proteggevano in caserma e uscivo solo con loro&#8230; poi l&#8217;elettronica mi salv\u00f2 perch\u00e8 il cattivo e psicopatico &#8220;capo Vigo Giampaolo&#8221; che gestiva la stazione radio della caserma mi prese sotto la sua protezione perch\u00e8 gli riparai la radio a valvole (botta di culo) e per me fu un lascia passare..(ma far\u00f2 una storia a parte) &#8230;. poi fui trasferito al mari-munizionamento di Aulla&#8230; per terminare il mio servizio di leva e anche in quella caserma grazie alle mie capacit\u00e0 tecniche mi trovai favorito in molte attivit\u00e0..<\/p>\n\n\n\n<p>Dopo il congedo ritornai al lavoro all&#8217;epoca lavorava da mio suocero Bacci Silvano, poi nel 1993 mi sposai con sua figlia e nello stesso anno , dopo il concorso pubblico, venni assunto come elettricista, presso il comune di Seravezza dove ancora oggi lavoro come tecnico informatico, fu un altro step importante nella mia vita..quei primi sette anni di vita furono un concentrato di eventi che piano piano ad episodi racconter\u00f2&#8230; perch\u00e8 ritengo che siano stati pi\u00f9 duri ma i migliori a partire dalla nascita dei nostri ragazzi ma anche da tante vicende personali molto dure..<\/p>\n\n\n\n<p>Poi nel maggio del 2000 mi venne l&#8217;idea di aprire una mia attivit\u00e0&#8230; da quel commodore 64 regalato con mille sacrifici dal mio babbo nel lontano 1980 , che spese tutta la sia tredicesima per comprarmelo, l&#8217;informatica se pur primordiale mi aveva lasciato il segno e da autodidatta mi ero formato sul mio primo vero pc preso a Viareggio ad un prezzo davvero altissimo per l&#8217;epoca&#8230; un pc DEX intel pentium 133 con 4 gb di ram e 1,6 gb di memoria con win95 (lo conservo ancora oggi) monitor 14&#8243;  a tubo lg goldstar e successivamente modem 33k upgradato a 56k us robotics che pagai 320 mila lire&#8230; arriv\u00f2 la Mircosoft ditta informatica con la quale ho trascorso tra successi e avventure 20 anni della mia vita, con molti collaboratori il primo tra tutti Diego con il quale partimmo a bomba&#8230; poi arrivarono tutti gli altri..<\/p>\n\n\n\n<p>Il primi incontri con le sofferenze arrivarono presto&#8230;essendo molto agitato..non trovavo mai pace&#8230;ero ancora alle scuole elementari e un giorno  misi una corda dalla finestra del bagno ad un albero che era nel terreno confinante di Domenico Sacchelli , il mitico fotografo Dom\u00e8..e la Mariella e con una carrucola mi lanciavo per quel pezzo di corda.. la cosa era andata bene tutta la mattina&#8230; poi nel pomeriggio il guaio&#8230; mio padre tornato da lavoro aveva appoggiato delle lamiere a quell&#8217;albero, ed io lanciandomi ci andai a finire contro aprendomi tutta una gamba in maniera molto profonda&#8230; mi ricordo che intervenne il Marchetti Luciano babbo di Walter (Tosco), lui lavorava al campana e mi mise un calzino alla gamba per fermare il sangue e poi di corsa a Seravezza&#8230;. me la cavai con 50 punti e una bella cicatrice.. in quell&#8217;occasione mio padre mi costru\u00ec una stampella e mi ricordo che non persi nemmeno un giorno di scuola mia mamma mi portava direttamente in aula..<br>In prima media&#8230; iniziavo a girare con un motorino di mia nonna per la vigna, mi ero inventato un piccolo circuito che percorrevo sempre piu veloce..poi lo scontro con un palo della vigna ed un ferro mi si conficc\u00f2 in un braccio causandomi un discreto taglio molto profondo&#8230; ero solo a casa.. e sapendo che mi avrebbero sicuramente sgridato&#8230; mi venne l&#8217;idea di andarmi a nascondere sotto il letto con il braccio avvolto in uno straccio&#8230;quando all&#8217;ora di pranzo arrivarono tutti non mi trovarono e iniziarono a cercarmi da tutte le parti.. il motorino era ancora rovesciato nella piana con il palo divelto.. e loro mi chiamavano&#8230; poi mi feci coraggio e usci dal nascondiglio&#8230; non vi dico il seguito&#8230; ma potete immaginarlo<br>In terza media arriv\u00f2 la prima malattia seria&#8230; &#8220;la meningite da streptococco&#8221;.. mi ricordo che ero a scuola nel laboratorio di  creta con la professoressa Miozzo&#8230; ero stanco e avevo la febbre..ma arrivai a fine mattinata&#8230; il pomeriggio pensando ad una banale influenza mi misero a letto, nel tardo pomeriggio la febbre era arrivata a 41-42 , dicono che ero nel delirio e parlavo senza molta lucidit\u00e0&#8230; decisero che era ora di andare in ospedale ma quando andarono per farmi alzare io ero completamente rigido come una tavola..e mio padre mi prese di peso e mi fece fare le scale, poi non ricordo se venne un ambulanza o mi portarono loro.. mi ritrovai al Campana di Seravezza..con la brutta prognosi e mi trasferirono a Viareggio nel vecchio ospedale dove mi segui il grande Professore e Primario dott.  Pasquinucci, che mi rimise in piedi..ci rimasi un paio di settimane.. prima di tornare a casa e mi ricordo che alla televisione avevo visto per la prima  volta canale5 che a Strettoia non arriva e quello fu al mio ritorno il primo lavoro di costruzione di antenne per poterlo vedere&#8230;. ma la cosa singolare della mia vicenda fu che a scuola non sapevano nulla ed essendo una malattia infettiva era un problema&#8230; infatti quando Tosco and\u00f2 a scuola i professori gli chiesero come stavo.. e lui gli disse Mirco ha la meningite.. inizialmente credevano scherzasse..poi prese le dovute informazioni fecero sgombrare la scuola &#8220;stagio stagi&#8221; e misero tutti sotto antibiotico con tanto di articolo sulla stampa.. <\/p>\n\n\n\n<p>Poi seguirono anni tranquilli fino al  2011 mentre andando in barca con amici per una gita a Portovenere, preso dalla mia ansia che prendesse fuoco il motore , aprendo il grande portellone del motore ci scivolai dentro e per tenermi mi lussai la spalla destra..un dolore allucinante ed una vicenda per andare al porto e poi in ospedale che meriterebbe un capitolo a parte&#8230; in quella occasione ero con i miei amici &#8220;Giuliano detto Paranco&#8221; Maurizio &#8220;detto il Conte&#8221; che mi porto arriva con il suo gommone, Guglielmo &#8220;detto Bacciolo&#8221; e con Fabrizio &#8220;detto il Duccio&#8221; che mi accompagn\u00f2 in ospedale con l&#8217;ambulanza.<br>Poi per concludere il 2019  mi diede il primo vero  incontro con la vera sofferenza&#8230;la paura, la paralisi e la morte, un tragico incidente stradale ,mentre andavo in bici da corsa, mi port\u00f2 ad un passo dalla morte era il 12 luglio 2019 ore 9,30 circa&#8230; uno schianto la paralisi degli arti inferiori a seguito di lesioni alla colonna vertebrale, il viaggio in elisoccorso a Cisanello.. 14 ore di operazione e un anno di riabilitazioni e speranze, sofferenze, notti insonni e tanta tanta sofferenza&#8230;un esperienza che vi posso garantire vi cambia radicalmente la visione della vita, se avr\u00f2 la volont\u00e0 nel ripercorrere questo triste ricordo , scriver\u00f2 la storia e le persone che mi hanno miracolosamente consentito di poter tornare a camminare se pur male e con molti dolori e handicap funzionali. <\/p>\n\n\n\n<p>In tutti questi anni di vita mi sono sempre affidato al Dott. Paolo Landi grande persona e medico del paese, ma in particolare al mio fratello acquisito il Dott. Marca Antonio Ghelardini, fratello di &#8220;Treno&#8221;, che mi ha sempre seguito in tutte le mie vicende, curato sia nel fisico ma soprattutto nella mente assecondando sempre i miei dubbi e facendomi ragionare sulla vita e sulla medicina, ma soprattutto delle risorse della mente umana nella soluzione a tante situazioni&#8230; lui viste le prime diagnosi e visionate le cartelle cliniche fu il primo a dire a mio Moglie &#8220;ce la far\u00e0..ritorner\u00e0 a camminare&#8221;.<\/p>\n\n\n\n<p>Oggi vivo alla giornata, non faccio pi\u00f9 grandi progetti, psicologicamente certe situazioni ti stravolgono tutto, ti fanno capire che tutto \u00e8 in equilibrio sopra la follia (Vasco docet) e che basta un soffio per cadere.<\/p>\n\n\n\n<p><\/p>\n\n\n\n<p><\/p>\n","protected":false},"excerpt":{"rendered":"<p>Dentro al Barone c&#8217;\u00e8 Mirco, carattere difficile , ipocondriaco, nervoso e mai realmente felice, ma sincero e schietto, oggi si direbbe iperattivo, al tempo si diceva agitato.. Dentro questa sommaria descrizione mi riconosco perfettamente ed oggi dopo aver trascorso oltre mezzo secolo di vita posso anche confermarla, ognuno di noi secondo me \u00e8 non solo &hellip; <\/p>\n<p class=\"link-more\"><a href=\"https:\/\/www.mircobaldi.it\/?page_id=103\" class=\"more-link\">Leggi tutto<span class=\"screen-reader-text\"> &#8220;Mirco&#8221;<\/span><\/a><\/p>\n","protected":false},"author":2,"featured_media":0,"parent":0,"menu_order":0,"comment_status":"closed","ping_status":"closed","template":"","meta":{"inspiro_hide_title":false,"footnotes":""},"class_list":["post-103","page","type-page","status-publish","hentry"],"_links":{"self":[{"href":"https:\/\/www.mircobaldi.it\/index.php?rest_route=\/wp\/v2\/pages\/103","targetHints":{"allow":["GET"]}}],"collection":[{"href":"https:\/\/www.mircobaldi.it\/index.php?rest_route=\/wp\/v2\/pages"}],"about":[{"href":"https:\/\/www.mircobaldi.it\/index.php?rest_route=\/wp\/v2\/types\/page"}],"author":[{"embeddable":true,"href":"https:\/\/www.mircobaldi.it\/index.php?rest_route=\/wp\/v2\/users\/2"}],"replies":[{"embeddable":true,"href":"https:\/\/www.mircobaldi.it\/index.php?rest_route=%2Fwp%2Fv2%2Fcomments&post=103"}],"version-history":[{"count":11,"href":"https:\/\/www.mircobaldi.it\/index.php?rest_route=\/wp\/v2\/pages\/103\/revisions"}],"predecessor-version":[{"id":117,"href":"https:\/\/www.mircobaldi.it\/index.php?rest_route=\/wp\/v2\/pages\/103\/revisions\/117"}],"wp:attachment":[{"href":"https:\/\/www.mircobaldi.it\/index.php?rest_route=%2Fwp%2Fv2%2Fmedia&parent=103"}],"curies":[{"name":"wp","href":"https:\/\/api.w.org\/{rel}","templated":true}]}}